{"id":37,"date":"2018-08-09T10:55:04","date_gmt":"2018-08-09T10:55:04","guid":{"rendered":"http:\/\/dev.rigorousthemes.com\/demo\/myportfolio\/?page_id=37"},"modified":"2019-12-17T00:22:31","modified_gmt":"2019-12-16T21:22:31","slug":"ali-tayfur","status":"publish","type":"page","link":"https:\/\/alitayfur.net\/en\/home\/ali-tayfur\/","title":{"rendered":"AL\u0130 TAYFUR"},"content":{"rendered":"<p><\/p>\n<h2>\u0130ki se\u00e7ene\u011finiz var, ya b\u00fct\u00fcn g\u00fcn karanl\u0131\u011fa k\u00fcfredeceksiniz yada bir g\u00fcn g\u00fcne\u015fe y\u00fcriyeceksiniz..<\/h2>\n<p>\u00c7ok sevdi\u011fim bir frans\u0131z atas\u00f6z\u00fcyle ba\u015flamak istedim.Bu arada siteme ho\u015fgeldiniz. Sitenin bu b\u00f6l\u00fcm\u00fcn\u00fc kendimi tan\u0131tmak i\u00e7in ay\u0131rd\u0131m kimdir bu Ali TayFur? Kendimi tan\u0131ml\u0131yabilece\u011fim bir \u00e7ok \u015fey var asl\u0131nda Nev-i \u015fahs\u0131na m\u00fcnas\u0131r bir yaz\u0131l\u0131m geli\u015ftirmeni. Fenerbah\u00e7e hastas\u0131, Atat\u00fcrk\u00e7\u00fc bir T\u00dcRK, Haks\u0131zl\u0131\u011f\u0131 sevmeyen, Yalanc\u0131 ve D\u00fczenbazlardan nefret eden yada asl\u0131nda Atas\u00f6z\u00fcndeki gibi karanl\u0131\u011fa bol bol k\u00fcfretmi\u015f ayd\u0131nl\u0131\u011f\u0131 y\u00fcr\u00fcmeye \u00e7al\u0131\u015fan bir insan. \u0130lk defa 2000 y\u0131l\u0131nda MS.Paintte \u00e7izdi\u011fim resmi nas\u0131l oyun haline getiririm diye sormamla ba\u015fl\u0131yan ser\u00fcvenim 2004&#8217;te Visual Basic,2005 te ASP,2007 de PHP,2009 da C# ve Delphi ile devam etti,ediyor bu s\u00fcre\u00e7te irili ufakl\u0131 bir \u00e7ok projede ve \u015firkette \u00e7al\u0131\u015fmalar yapt\u0131m.Yogun olarak \u00e7al\u0131\u015fmalar\u0131m\u0131 PHP \u00dczerine y\u0131kt\u0131m her ne kadar Front end&#8217;ime g\u00fcvensemde iyi bir Backend devealoper&#8217;\u0131m diyebilirim.<\/p>","protected":false},"excerpt":{"rendered":"<p>\u0130ki se\u00e7ene\u011finiz var, ya b\u00fct\u00fcn g\u00fcn karanl\u0131\u011fa k\u00fcfredeceksiniz yada bir g\u00fcn g\u00fcne\u015fe y\u00fcriyeceksiniz.. \u00c7ok sevdi\u011fim bir frans\u0131z atas\u00f6z\u00fcyle ba\u015flamak istedim.Bu arada siteme ho\u015fgeldiniz. Sitenin bu b\u00f6l\u00fcm\u00fcn\u00fc kendimi tan\u0131tmak i\u00e7in ay\u0131rd\u0131m kimdir bu Ali TayFur? Kendimi tan\u0131ml\u0131yabilece\u011fim bir \u00e7ok \u015fey var asl\u0131nda Nev-i \u015fahs\u0131na m\u00fcnas\u0131r bir yaz\u0131l\u0131m geli\u015ftirmeni. Fenerbah\u00e7e hastas\u0131, Atat\u00fcrk\u00e7\u00fc bir T\u00dcRK, Haks\u0131zl\u0131\u011f\u0131 sevmeyen, Yalanc\u0131 [&hellip;]<\/p>\n","protected":false},"author":1,"featured_media":222,"parent":11,"menu_order":0,"comment_status":"closed","ping_status":"closed","template":"","meta":{"footnotes":""},"class_list":["post-37","page","type-page","status-publish","has-post-thumbnail","hentry"],"_links":{"self":[{"href":"https:\/\/alitayfur.net\/en\/wp-json\/wp\/v2\/pages\/37","targetHints":{"allow":["GET"]}}],"collection":[{"href":"https:\/\/alitayfur.net\/en\/wp-json\/wp\/v2\/pages"}],"about":[{"href":"https:\/\/alitayfur.net\/en\/wp-json\/wp\/v2\/types\/page"}],"author":[{"embeddable":true,"href":"https:\/\/alitayfur.net\/en\/wp-json\/wp\/v2\/users\/1"}],"replies":[{"embeddable":true,"href":"https:\/\/alitayfur.net\/en\/wp-json\/wp\/v2\/comments?post=37"}],"version-history":[{"count":4,"href":"https:\/\/alitayfur.net\/en\/wp-json\/wp\/v2\/pages\/37\/revisions"}],"predecessor-version":[{"id":234,"href":"https:\/\/alitayfur.net\/en\/wp-json\/wp\/v2\/pages\/37\/revisions\/234"}],"up":[{"embeddable":true,"href":"https:\/\/alitayfur.net\/en\/wp-json\/wp\/v2\/pages\/11"}],"wp:featuredmedia":[{"embeddable":true,"href":"https:\/\/alitayfur.net\/en\/wp-json\/wp\/v2\/media\/222"}],"wp:attachment":[{"href":"https:\/\/alitayfur.net\/en\/wp-json\/wp\/v2\/media?parent=37"}],"curies":[{"name":"wp","href":"https:\/\/api.w.org\/{rel}","templated":true}]}}